{"id":13686,"date":"2025-01-09T16:25:58","date_gmt":"2025-01-09T15:25:58","guid":{"rendered":"https:\/\/biorais.tn\/boutique\/la-triple-minceur"},"modified":"2025-01-09T16:25:58","modified_gmt":"2025-01-09T15:25:58","slug":"la-triple-minceur","status":"publish","type":"product","link":"https:\/\/biorais.tn\/fr\/boutique\/la-triple-minceur","title":{"rendered":"La Triple Minceur"},"content":{"rendered":"","protected":false},"excerpt":{"rendered":"<p>&nbsp;<\/p>\n<p>&nbsp;<\/p>\n<p>La Triple Minceur \u2013 Triple Slim Tea<\/p>\n<p>La Triple Minceur est une formule naturelle \u00e0 base de plantes s\u00e9lectionn\u00e9es qui agit pour affiner le corps, l&rsquo;\u00e9liminer des toxines et am\u00e9liorer la digestion. Ce m\u00e9lange aide \u00e0 \u00e9liminer les gaz et les ballonnements, et procure une sensation de sati\u00e9t\u00e9, ce qui en fait un choix id\u00e9al pour soutenir la perte de poids de mani\u00e8re naturelle et s\u00fbre.     <\/p>\n<p>&nbsp;<\/p>\n<p>\ud83c\udf3f Les bienfaits<br \/>\nAffine le ventre et toutes les zones du corps<br \/>\nAm\u00e9liore la digestion et facilite l&rsquo;\u00e9limination des d\u00e9chets<br \/>\nR\u00e9duit les ballonnements et les gaz<br \/>\nProcure une sensation de sati\u00e9t\u00e9 et aide \u00e0 r\u00e9guler l&rsquo;app\u00e9tit<br \/>\nTraitement naturel contre la constipation<\/p>\n<p>&nbsp;<\/p>\n<p>\ud83d\udec1 Mode d&#8217;emploi<br \/>\nMettez une cuill\u00e8re \u00e0 caf\u00e9 de Triple Minceur dans une tasse d&rsquo;eau bouillante.<br \/>\nLaissez infuser 15 minutes puis filtrez et buvez.<br \/>\nPremi\u00e8re semaine : une fois apr\u00e8s le d\u00eener, une heure apr\u00e8s.<br \/>\n\u00c0 partir de la deuxi\u00e8me semaine : deux ou trois fois par jour apr\u00e8s les repas, une \u00e0 deux heures apr\u00e8s. <\/p>\n<p>&nbsp;<\/p>\n<p>Avertissement :<br \/>\nL&rsquo;utilisation de la Triple Minceur est interdite pendant la grossesse ou l&rsquo;allaitement.<\/p>\n<p>&nbsp;<\/p>\n<p>\ud83c\udf31 Ingr\u00e9dients naturels<br \/>\nCamomille<br \/>\nMoringa<br \/>\nCannelle<br \/>\nGingembre<br \/>\nSauge<br \/>\nS\u00e9n\u00e9<br \/>\nFenouil<br \/>\nCumin<\/p>\n<p>\ud83d\udd0e Autres noms du produit<br \/>\nLa Triple Minceur<br \/>\nTriple Slim Tea<\/p>\n<p>Herbal Slimming Mix<\/p>\n<p>\ud83c\udff7\ufe0f Hashtags<br \/>\n#TripleMinceur #Minceur #PerteDesPoids #ContreConstipation #Ballonnements #Amincissant #Th\u00e9 #Plantes #Tunisie #TripleSlimTea #HerbalTea #Slimming #WeightLoss #Detox #Biorais<\/p>\n","protected":false},"featured_media":11225,"template":"","meta":{"site-sidebar-layout":"default","site-content-layout":"","ast-site-content-layout":"default","site-content-style":"default","site-sidebar-style":"default","ast-global-header-display":"","ast-banner-title-visibility":"","ast-main-header-display":"","ast-hfb-above-header-display":"","ast-hfb-below-header-display":"","ast-hfb-mobile-header-display":"","site-post-title":"","ast-breadcrumbs-content":"","ast-featured-img":"","footer-sml-layout":"","ast-disable-related-posts":"","theme-transparent-header-meta":"default","adv-header-id-meta":"","stick-header-meta":"","header-above-stick-meta":"","header-main-stick-meta":"","header-below-stick-meta":"","astra-migrate-meta-layouts":"default","ast-page-background-enabled":"default","ast-page-background-meta":{"desktop":{"background-color":"var(--ast-global-color-4)","background-image":"","background-repeat":"repeat","background-position":"center center","background-size":"auto","background-attachment":"scroll","background-type":"","background-media":"","overlay-type":"","overlay-color":"","overlay-opacity":"","overlay-gradient":""},"tablet":{"background-color":"","background-image":"","background-repeat":"repeat","background-position":"center center","background-size":"auto","background-attachment":"scroll","background-type":"","background-media":"","overlay-type":"","overlay-color":"","overlay-opacity":"","overlay-gradient":""},"mobile":{"background-color":"","background-image":"","background-repeat":"repeat","background-position":"center center","background-size":"auto","background-attachment":"scroll","background-type":"","background-media":"","overlay-type":"","overlay-color":"","overlay-opacity":"","overlay-gradient":""}},"ast-content-background-meta":{"desktop":{"background-color":"var(--ast-global-color-5)","background-image":"","background-repeat":"repeat","background-position":"center center","background-size":"auto","background-attachment":"scroll","background-type":"","background-media":"","overlay-type":"","overlay-color":"","overlay-opacity":"","overlay-gradient":""},"tablet":{"background-color":"var(--ast-global-color-5)","background-image":"","background-repeat":"repeat","background-position":"center center","background-size":"auto","background-attachment":"scroll","background-type":"","background-media":"","overlay-type":"","overlay-color":"","overlay-opacity":"","overlay-gradient":""},"mobile":{"background-color":"var(--ast-global-color-5)","background-image":"","background-repeat":"repeat","background-position":"center center","background-size":"auto","background-attachment":"scroll","background-type":"","background-media":"","overlay-type":"","overlay-color":"","overlay-opacity":"","overlay-gradient":""}}},"product_brand":[],"product_cat":[217,175,215],"product_tag":[],"class_list":{"0":"post-13686","1":"product","2":"type-product","3":"status-publish","4":"has-post-thumbnail","6":"product_cat-amincissement","7":"product_cat-corps","8":"product_cat-herbes","9":"desktop-align-left","10":"tablet-align-left","11":"mobile-align-left","13":"first","14":"instock","15":"shipping-taxable","16":"purchasable","17":"product-type-simple"},"_links":{"self":[{"href":"https:\/\/biorais.tn\/fr\/wp-json\/wp\/v2\/product\/13686","targetHints":{"allow":["GET"]}}],"collection":[{"href":"https:\/\/biorais.tn\/fr\/wp-json\/wp\/v2\/product"}],"about":[{"href":"https:\/\/biorais.tn\/fr\/wp-json\/wp\/v2\/types\/product"}],"wp:featuredmedia":[{"embeddable":true,"href":"https:\/\/biorais.tn\/fr\/wp-json\/wp\/v2\/media\/11225"}],"wp:attachment":[{"href":"https:\/\/biorais.tn\/fr\/wp-json\/wp\/v2\/media?parent=13686"}],"wp:term":[{"taxonomy":"product_brand","embeddable":true,"href":"https:\/\/biorais.tn\/fr\/wp-json\/wp\/v2\/product_brand?post=13686"},{"taxonomy":"product_cat","embeddable":true,"href":"https:\/\/biorais.tn\/fr\/wp-json\/wp\/v2\/product_cat?post=13686"},{"taxonomy":"product_tag","embeddable":true,"href":"https:\/\/biorais.tn\/fr\/wp-json\/wp\/v2\/product_tag?post=13686"}],"curies":[{"name":"wp","href":"https:\/\/api.w.org\/{rel}","templated":true}]}}